{"id":2,"date":"2010-01-21T09:46:15","date_gmt":"2010-01-21T08:46:15","guid":{"rendered":"http:\/\/libros.canals.de\/?page_id=2"},"modified":"2025-12-01T10:07:24","modified_gmt":"2025-12-01T09:07:24","slug":"informacion","status":"publish","type":"page","link":"http:\/\/libros.canals.de\/?page_id=2","title":{"rendered":"Informaci\u00f3n y contacto"},"content":{"rendered":"<p>A t\u00edtulo de breve presentaci\u00f3n del responsable de este blog: me llamo Javier Canals, nac\u00ed en Madrid en 1955 pero llevo 48 a\u00f1os en Alemania, en donde he desarrollado todas mis actividades profesionales y de otros tipos. Mi direcci\u00f3n de correo electr\u00f3nico es libros@canals.de <\/p>\n<p>Este blog naci\u00f3 en enero de 2010 como foro para intercambio de informaci\u00f3n y opiniones sobre libros en un entorno familiar y de amigos. Por tanto, cada entrada recoge la opini\u00f3n personal y subjetiva del autor en el momento en que la escribe. Desde hace poco existe un blog similar en alem\u00e1n, con libros que yo, Javier Canals, recomiendo: http:\/\/koffer.canals.de<br \/>\nEl nombre viene de \u00abKoffer\u00bb, maleta en alem\u00e1n, pues cada a\u00f1o pongo una maleta con libros a disposici\u00f3n de los participantes en cursos de formaci\u00f3n en un centro de conferencias cercano a Colonia.<\/p>\n<p>Esta p\u00e1gina recoge algunas recomendaciones para hacer el uso del blog m\u00e1s sencillo y para incrementar su utilidad.<br \/>\nCon el tiempo pueden a\u00f1adirse otros temas o iniciarse otros proyectos, como el legendario libro del centenario de Ana y Marta \u201cCien personajes en una vida\u201d.<br \/>\nPues eso, a leer y a escribir, que para eso nos han mandado a un colegio de pago.<\/p>\n<p><strong>Recomendaciones para escribir rese\u00f1as<\/strong><\/p>\n<p>A fin de unificar la apariencia y facilitar la b\u00fasqueda de libros, es recomendable atenerse a los siguientes puntos:<br \/>\n<strong>T\u00edtulo<\/strong>: aqu\u00ed se escribe el t\u00edtulo del libro, tal como aparece en la publicaci\u00f3n, con may\u00fasculas y min\u00fasculas. Separado por una coma se a\u00f1ade el nombre del autor, tambi\u00e9n como aparece en la portada.<br \/>\nLa <strong>rese\u00f1a <\/strong>o la opini\u00f3n sobre el libro debe dar una idea sobre lo que le espera al sufrido lector. Est\u00e1 claro que no debe revelarse el desenlace de la trama, ni deben incluirse <em>spoilers<\/em>. Con otras palabras: \u00a1no delatar el nombre del asesino!<br \/>\nSe pueden a\u00f1adir fotos de la portada, links con recensiones o comentarios, la m\u00fasica de la pel\u00edcula o lo que uno quiera, sin \u201cinflar\u201d por ello innecesariamente la entrada.<br \/>\nEn el apartado \u201cEtiquetas\u201d es recomendable a\u00f1adir una etiqueta con el apellido o los apellidos del autor. Ya veremos con el tiempo si es de utilidad a\u00f1adir otras.<br \/>\nEn consideraci\u00f3n a los que ya no son tan j\u00f3venes y dan importancia a estos temas, se recomienda prestar atenci\u00f3n a la ortograf\u00eda y no utilizar abreviaturas m\u00e1s propias de SMS y Whatsapp que no hayan sido reconocidas por la Real Academia Espa\u00f1ola de la Lengua.<br \/>\nest<br \/>\nCualquier pregunta al admin: libros@canals.de<\/p>\n<p>A continuaci\u00f3n incluyo una lista de novelas que, aunque he le\u00eddo hace tiempo, no est\u00e1n incluidas en este blog. Si alguien tiene inter\u00e9s, puede preguntarme y le dar\u00e9 mi opini\u00f3n:<\/p>\n<p><strong>Lista de libros de Javier<\/strong><\/p>\n<p><strong>Agust\u00ed, Ignacio<\/strong><br \/>\nMariona Rebull<br \/>\n<strong>Aldecoa, Ignacio<\/strong><br \/>\nCon el viento solano<br \/>\n<strong>Allende, Isabel<\/strong><br \/>\nMi pais inventado<br \/>\n<strong>Aub, Max<\/strong><br \/>\nLas buenas intenciones<br \/>\n<strong>Asturias, Miguel Angel<\/strong><br \/>\nHombres de maiz<br \/>\n<strong>Ayala, Francisco<\/strong><br \/>\nLa cabeza del cordero<br \/>\n<strong>Azorin <\/strong><br \/>\nLa voluntad<br \/>\n<strong>Barea, Arturo<\/strong><br \/>\nLa forja de un rebelde<br \/>\n<strong>Baroja, P\u00edo<\/strong><br \/>\nLos amores tard\u00edos<br \/>\nZalaca\u00edn el aventurero<br \/>\n<strong>Benet, Juan <\/strong><br \/>\nVolveras a Region<br \/>\n<strong>Ben\u00edtez, Jos\u00e9 Luis<\/strong><br \/>\nLeyendas de Belda-City<br \/>\n<strong>Bioy Casares, Adolfo<\/strong><br \/>\nLa invenci\u00f3n de Morel<br \/>\nDormir al sol<br \/>\n<strong>Blasco Ib\u00e1\u00f1ez, Vicente<\/strong><br \/>\nLos cuatro jinetes del Apocalipsis<br \/>\nCa\u00f1as y barro<br \/>\n<strong>Bryce Echenique, Alfredo<\/strong><br \/>\nLa vida exagerada de Mart\u00edn Roma\u00f1a<br \/>\nUn mundo para Julius<br \/>\n<strong>Cacho, Jes\u00fas<\/strong><br \/>\nEl negocio de la libertad<br \/>\n<strong>Calzedo Juanes, Gonzalo<\/strong><br \/>\nTemporada de huracanes<br \/>\n<strong>Carpentier, Alejo<\/strong><br \/>\nEl siglo de las luces<br \/>\n<strong>Cela, Camilo Jos\u00e9<\/strong><br \/>\nLa familia de Pascual Duarte<br \/>\nEl gallego y su cuadrilla<br \/>\n<strong>Cercas, Javier <\/strong><br \/>\nSoldados de Salamina<br \/>\n<strong>Cervantes<\/strong><br \/>\nEl Quijote<br \/>\nNovelas ejemplares<br \/>\n<strong>Coelho, Paulo<\/strong><br \/>\nEl demonio y la se\u00f1orita Prym<br \/>\nEl alquimista<br \/>\nEl peregrino de Santiago<br \/>\nVer\u00f3nica decide morir<br \/>\nA orillas del r\u00edo Piedra me sent\u00e9 y llor\u00e9<br \/>\n<strong>Chacel, Rosa<\/strong><br \/>\nBarrio de maravillas<br \/>\n<strong>Cunqueiro, \u00c1lvaro<\/strong><br \/>\nLas mocedades de Ulises<br \/>\n<strong>Cort\u00e1zar, Julio<\/strong><br \/>\nRayuela<br \/>\nTodos los fuegos el fuego<br \/>\n<strong>Delibes, Miguel<\/strong><br \/>\nEl hereje<br \/>\nEl disputado voto del se\u00f1or Cayo<br \/>\nViejas historias de Castilla la Vieja<br \/>\nViejas historias y cuentos completos<br \/>\nPar\u00e1bola del n\u00e1ufrago<br \/>\nMadera de h\u00e9roe<br \/>\nDiario de un emigrante<br \/>\nDiario de un cazador<br \/>\nDiario de un jubilado<br \/>\nUn a\u00f1o de mi vida<br \/>\nCinco horas con Mario<br \/>\nCastilla habla<br \/>\nLa mortaja<br \/>\nLas ratas<br \/>\nEl camino<br \/>\nPegar la hebra<br \/>\nLos santos inocentes<br \/>\nLa partida<br \/>\nEl pr\u00edncipe destronado<br \/>\nLa hoja roja<br \/>\nLa sombra del cipr\u00e9s es alargada<br \/>\n<strong>Eslava Galan, Juan<\/strong><br \/>\nEn busca del unicornio<br \/>\n<strong>Esquivel, Laura<\/strong><br \/>\nComo agua para chocolate<br \/>\n<strong>Etxebarr\u00eda, Luc\u00eda<\/strong><br \/>\nBeatriz y los cuerpos celestes<br \/>\nUn milagro en equilibrio<br \/>\n<strong>Falcones, Ildefonso <\/strong><br \/>\nLa catedral del mar<br \/>\nLa mano de Fatima<br \/>\n<strong>Fern\u00e1n-G\u00f3mez, Fernando<\/strong><br \/>\nEl viaje a ninguna parte<br \/>\n<strong>Fern\u00e1ndez Santos, Jes\u00fas<\/strong><br \/>\nExtramuros<br \/>\n<strong>Fox\u00e1, Agust\u00edn de<\/strong><br \/>\nMadrid, de corte a checa<br \/>\n<strong>Freire, Espido<\/strong><br \/>\nMelocotones helados<br \/>\n<strong>Fuentes, Carlos<\/strong><br \/>\nCantar de ciegos<br \/>\n<strong>Gamboa, Santiago<\/strong><br \/>\nVida feliz de un joven llamado Esteban<br \/>\n<strong>Garc\u00eda Pav\u00f3n, Francisco<\/strong><br \/>\nLas hermanas coloradas<br \/>\n<strong>Garc\u00eda M\u00e1rquez, Gabriel<\/strong><br \/>\nCr\u00f3nica de una muerte anunciada<br \/>\nEl amor en los tiempos del colera Ana<br \/>\nEl coronel no tiene quien le escriba<br \/>\nLa mala hora<br \/>\nOjos de perro azul<br \/>\nHojarasca<br \/>\nRelato de un naufrago<br \/>\nCien a\u00f1os de soledad<br \/>\nVivir para para contarla Elena<br \/>\nNoticia de un secuestro<br \/>\nDoce cuentos peregrinos<\/p>\n<p><strong>Garcia Martin, Pedro<\/strong><br \/>\nRuter el rojo<br \/>\n<strong>Gironella, Jose Maria<\/strong><br \/>\nLos cipreses creen en Dios<br \/>\nUn millon de muertos<br \/>\nHa estallado la paz<br \/>\n<strong>G\u00f3mez de la Serna, Ram\u00f3n<\/strong><br \/>\nMadrid<br \/>\n<strong>Gopegui, Bel\u00e9n<\/strong><br \/>\nLo real<br \/>\n<strong>Grandes, Almudena<\/strong><br \/>\nEstaciones de paso<br \/>\nEl corazon helado<br \/>\n<strong>Guerra Garrido, Ra\u00fal<\/strong><br \/>\nLectura ins\u00f3lita de El capital<br \/>\n<strong>Ibarg\u00fcengoitia, Jorge<\/strong><br \/>\nLos pasos de L\u00f3pez<br \/>\n<strong>Irving, Washington<\/strong><br \/>\nCuentos de la Alhambra<br \/>\n<strong>Jardiel Poncela, Enrique<\/strong><br \/>\nAmor se escribe sin hache<br \/>\n<strong>Jimenez Lozano, Jose<\/strong><br \/>\nAgua de noria<br \/>\n<strong>Laforet, Carmen<\/strong><br \/>\nNada<br \/>\nLa llamada Thomas<br \/>\nLa mujer nueva<br \/>\nLa isla y los demonios<br \/>\n<strong>Lago, Eduardo<\/strong><br \/>\nLlamame Brooklyn<br \/>\nLadron de mapas<br \/>\n<strong>Landero, Luis<\/strong><br \/>\nJuegos de la edad tard\u00eda<br \/>\nEl magico aprendiz<br \/>\nEl guitarrista<br \/>\n<strong>Larreta, Antonio<\/strong><br \/>\nVolaverunt<br \/>\n<strong>Llamazares, Julio<\/strong><br \/>\nEl cielo de Madrid<br \/>\nViento de luna<br \/>\nLa lluvia amarilla<br \/>\n<strong>Lindo, Elvira<\/strong><br \/>\nAlgo m\u00e1s inesperado que la muerte<br \/>\n<strong>Machado, Antonio<\/strong><br \/>\nJuan de Mairena<br \/>\n<strong>Marias, Javier<\/strong><br \/>\nVidas escritas<br \/>\nMientras ellas duermen<br \/>\nManana en la batalla piensa en mi<br \/>\nCuando fui mortal<br \/>\nTodas las almas<br \/>\nNegra espalda del tiempo<br \/>\nTravesia de horizonte<br \/>\nHaran de m\u00ed un criminal<br \/>\nTu rostro ma\u00f1ana<br \/>\nCorazon tan blanco<\/p>\n<p><strong>Mart\u00edn Gaite, Carmen<\/strong><br \/>\nIrse de casa<br \/>\nRetah\u00edlas<br \/>\nNubosidad variable<br \/>\nEntre visillos<br \/>\nLo raro es vivir<br \/>\nLos parentescos 2001<br \/>\n<strong>Mart\u00edn Garzo, Gustavo<\/strong><br \/>\nLas historias de Marta y Fernando<br \/>\n<strong>Mart\u00edn-Santos, Luis<\/strong><br \/>\nTiempo de silencio<br \/>\n<strong>Matute, Ana Mar\u00eda<\/strong><br \/>\nPeque\u00f1o teatro<br \/>\nLa torre vig\u00eda<br \/>\nLos hijos muertos<br \/>\nLos soldados lloran de noche<br \/>\n<strong>Medio, Dolores<\/strong><br \/>\nNosotros, los Rivero 1953<br \/>\n<strong>Mendez, Alberto<\/strong><br \/>\nLos girasoles ciegos<br \/>\n<strong>Mendoza, Eduardo<\/strong><br \/>\nEl laberinto de las aceitunas<br \/>\nLa ciudad de los prodigios<br \/>\nLa aventura del tocador de se\u00f1oras<br \/>\nLa isla inaudita<br \/>\nSin noticias de Gurb<br \/>\nLa verdad sobre el caso Savolta<br \/>\nUna comedia ligera<br \/>\n<strong>Mihura, Miguel<\/strong><br \/>\nObras completas<br \/>\n<strong>Millas, Juan Jose<\/strong><br \/>\nLaura y Julio<br \/>\nMir\u00f3, Gabriel<br \/>\nLas cerezas del cementerio<br \/>\nEl obispo leproso<br \/>\n<strong>Moix, Terenci<\/strong><br \/>\nEl d\u00eda que muri\u00f3 Maril\u00edn<br \/>\n<strong>Montero, Rosa<\/strong><br \/>\nLa hija del can\u00edbal<br \/>\nTe tratar\u00e9 como a una reina<br \/>\n<strong>Monterroso, Augusto<\/strong><br \/>\nObras completas y otros cuentos 1959<br \/>\nMovimiento perpetuo<br \/>\n<strong>Mu\u00f1oz Molina, Antonio<\/strong><br \/>\nEl jinete polaco<br \/>\nEl invierno en Lisboa<br \/>\nArdor guerrero<br \/>\nBeatus Ille 1986<br \/>\n<strong>Mu\u00f1oz Seca, Pedro<\/strong><br \/>\nLa veganza de Don Mendo<br \/>\n<strong>Olaizola, Jos\u00e9 Luis<\/strong><br \/>\nLa guerra del general Escobar<br \/>\nEl amante vicario 2001<br \/>\n<strong>Onetti, Juan Carlos<\/strong><br \/>\nEl astillero<br \/>\n<strong>dOrs, Pablo<\/strong><br \/>\nEl estupor y la maravilla<br \/>\n<strong>P\u00e9rez de Ayala, Ram\u00f3n<\/strong><br \/>\nTigre Juan. El curandero de su hombra<br \/>\n<strong>P\u00e9rez-Reverte, Arturo<\/strong><br \/>\nLa tabla de Flandes<br \/>\nLa reina del sur<br \/>\nEl maestro de esgrima<br \/>\nEl capit\u00e1n Alatriste<br \/>\nEl sol de Breda<br \/>\nEl oro del rey<br \/>\nEl caballero del jub\u00f3n amarillo<br \/>\nCorsarios de levante<br \/>\nEl club Dumas<br \/>\nEl husar<br \/>\nLimpieza de sangre<br \/>\nLa sombra del aguila<br \/>\nCabo Trafalgar<br \/>\nLa carta esferica<br \/>\nUn d\u00eda de c\u00f3lera<br \/>\nEl pintor de batallas<br \/>\nLa piel del tambor<br \/>\n<strong>Pinilla, Ramiro<\/strong><br \/>\nLas ciegas hormigas<br \/>\nVerdes valles, colinas rojas<br \/>\n<strong>Pi\u00f1eiro, Claudia<\/strong><br \/>\nLas viudas de los jueves<br \/>\n<strong>Pitol, Sergio<\/strong><br \/>\nLos mejores cuentos<br \/>\nEl mago de Viena<br \/>\n<strong>Pombo, \u00c1lvaro<\/strong><br \/>\nDonde las mujeres<br \/>\nAparicion del eterno femenino<br \/>\nEl cielo raso<br \/>\nLa cuadratura del c\u00edrculo<br \/>\nUna ventana al norte<br \/>\nLa fortuna de Matilda Turpin<br \/>\n<strong>Posadas, Carmen<\/strong><br \/>\nNada es lo que parec<br \/>\n<strong>Pozo, Ra\u00fal del<\/strong><br \/>\nNo es elegante matar a una mujer descalza<br \/>\n<strong>Prada, Juan Manuel de<\/strong><br \/>\nLas m\u00e1scaras del h\u00e9roe<br \/>\nEl s\u00e9ptimo velo<br \/>\n<strong>Pu\u00e9rtolas, Soledad<\/strong><br \/>\nQueda la noche<br \/>\nHistoria de un abrigo Ben\u00edtez<br \/>\n<strong>Puig, Manuel<\/strong><br \/>\nBoquitas pintadas<br \/>\nPubis angelicl<br \/>\n<strong>Quiroga, Elena<\/strong><br \/>\nViento del norte<br \/>\n<strong>Rivera de la Cruz, Marta<\/strong><br \/>\nTiempo de prodigios<br \/>\nQue veinte a\u00f1os no es nada<br \/>\n<strong>Patrick Rothfuss<\/strong><br \/>\nEl nombre del viento<br \/>\n<strong>Ruiz Zaf\u00f3n, Carlos<\/strong><br \/>\nLa sombra del viento<br \/>\nEl juego del angel<\/p>\n","protected":false},"excerpt":{"rendered":"<p>A t\u00edtulo de breve presentaci\u00f3n del responsable de este blog: me llamo Javier Canals, nac\u00ed en Madrid en 1955 pero llevo 48 a\u00f1os en Alemania, en donde he desarrollado todas mis actividades profesionales y de otros tipos. Mi direcci\u00f3n de &hellip; <a href=\"http:\/\/libros.canals.de\/?page_id=2\">Sigue leyendo <span class=\"meta-nav\">&rarr;<\/span><\/a><\/p>\n","protected":false},"author":1,"featured_media":0,"parent":0,"menu_order":0,"comment_status":"open","ping_status":"open","template":"","meta":[],"_links":{"self":[{"href":"http:\/\/libros.canals.de\/index.php?rest_route=\/wp\/v2\/pages\/2"}],"collection":[{"href":"http:\/\/libros.canals.de\/index.php?rest_route=\/wp\/v2\/pages"}],"about":[{"href":"http:\/\/libros.canals.de\/index.php?rest_route=\/wp\/v2\/types\/page"}],"author":[{"embeddable":true,"href":"http:\/\/libros.canals.de\/index.php?rest_route=\/wp\/v2\/users\/1"}],"replies":[{"embeddable":true,"href":"http:\/\/libros.canals.de\/index.php?rest_route=%2Fwp%2Fv2%2Fcomments&post=2"}],"version-history":[{"count":0,"href":"http:\/\/libros.canals.de\/index.php?rest_route=\/wp\/v2\/pages\/2\/revisions"}],"wp:attachment":[{"href":"http:\/\/libros.canals.de\/index.php?rest_route=%2Fwp%2Fv2%2Fmedia&parent=2"}],"curies":[{"name":"wp","href":"https:\/\/api.w.org\/{rel}","templated":true}]}}