{"id":1995,"date":"2024-03-25T20:39:58","date_gmt":"2024-03-25T19:39:58","guid":{"rendered":"http:\/\/libros.canals.de\/?page_id=1995"},"modified":"2025-02-11T10:22:07","modified_gmt":"2025-02-11T09:22:07","slug":"cien-personajes-en-una-vida","status":"publish","type":"page","link":"http:\/\/libros.canals.de\/?page_id=1995","title":{"rendered":"Cien personajes en una vida"},"content":{"rendered":"<div id=\"attachment_2032\" style=\"width: 310px\" class=\"wp-caption alignnone\"><a href=\"http:\/\/libros.canals.de\/wp-content\/uploads\/2024\/03\/P4110013.jpg\"><img aria-describedby=\"caption-attachment-2032\" loading=\"lazy\" src=\"http:\/\/libros.canals.de\/wp-content\/uploads\/2024\/03\/P4110013-300x184.jpg\" alt=\"\" width=\"600\" height=\"368\" class=\"size-medium wp-image-2032\" srcset=\"http:\/\/libros.canals.de\/wp-content\/uploads\/2024\/03\/P4110013-300x184.jpg 300w, http:\/\/libros.canals.de\/wp-content\/uploads\/2024\/03\/P4110013-1024x628.jpg 1024w, http:\/\/libros.canals.de\/wp-content\/uploads\/2024\/03\/P4110013-768x471.jpg 768w, http:\/\/libros.canals.de\/wp-content\/uploads\/2024\/03\/P4110013-1536x942.jpg 1536w, http:\/\/libros.canals.de\/wp-content\/uploads\/2024\/03\/P4110013-2048x1256.jpg 2048w\" sizes=\"(max-width: 600px) 100vw, 600px\" \/><\/a><p id=\"caption-attachment-2032\" class=\"wp-caption-text\">El colectivo de autores en abril de 2008<\/p><\/div>\n<p>Horche, provincia de Guadalajara, 12 de abril de 2008. Reuni\u00f3n familiar para celebrar los 100 a\u00f1os \u2014sumados, se entiende\u2014 de Ana y Marta Canals. Con antelaci\u00f3n a la estancia en este precioso pueblo al borde meridional de la Alcarria se convoc\u00f3 un concurso literario. Cada uno de los asistentes, de 11 a 54 a\u00f1os de edad, deb\u00eda aportar un cap\u00edtulo a una novela experimental, constructivista y ca\u00f3tico-aleatoria que, en suma, como las piedras de un mosaico, deb\u00eda dar cuerpo a la biograf\u00eda de Julio Su\u00e1rez. En la lectura de los distintos cap\u00edtulos del libro, este misterioso personaje despliega una personalidad multifac\u00e9tica que, en realidad, dice m\u00e1s de los respectivos autores de lo que quiz\u00e1 se podr\u00eda esperar.<\/p>\n<p>En el Pr\u00f3logo se resumen algunos rasgos de Julio, que los escritores pod\u00edan asumir. Los diecis\u00e9is relatos y sus autores no precisan presentaci\u00f3n. En la foto est\u00e1n todos.<\/p>\n<p><a href=\"http:\/\/libros.canals.de\/?page_id=1999\" rel=\"noopener\" target=\"_blank\">Cien personajes en una vida &#8211; Pr\u00f3logo<\/a><br \/>\n<a href=\"http:\/\/libros.canals.de\/?page_id=2000\" rel=\"noopener\" target=\"_blank\">Fruta prohibida, por Ana Mateos<\/a><br \/>\n<a href=\"http:\/\/libros.canals.de\/?page_id=2003\" rel=\"noopener\" target=\"_blank\">El adolescente, por Leonor Canals<\/a><br \/>\n<a href=\"http:\/\/libros.canals.de\/?page_id=2005\" rel=\"noopener\" target=\"_blank\">Polic\u00eda gorila, por In\u00e9s Mateos<\/a><br \/>\n<a href=\"http:\/\/libros.canals.de\/?page_id=2006\" rel=\"noopener\" target=\"_blank\">M\u00fasica y Su\u00e1rez, por Patricia Sevener<\/a><br \/>\n<a href=\"http:\/\/libros.canals.de\/?page_id=2007\" rel=\"noopener\" target=\"_blank\">El profesor de ajedrez, por Javier Valle<\/a><br \/>\n<a href=\"http:\/\/libros.canals.de\/?page_id=2008\" rel=\"noopener\" target=\"_blank\">FNAC, por Miguel Sevener<\/a><br \/>\n<a href=\"http:\/\/libros.canals.de\/?page_id=2009\" rel=\"noopener\" target=\"_blank\">T\u00edo Benni, por Jos\u00e9 Valle<\/a><br \/>\n<a href=\"http:\/\/libros.canals.de\/?page_id=2010\" rel=\"noopener\" target=\"_blank\">Mundo helado, por Carlos Nebrera<\/a><br \/>\n<a href=\"http:\/\/libros.canals.de\/?page_id=2011\" rel=\"noopener\" target=\"_blank\">Traves\u00eda a la luna, por Soledad Canals<\/a><br \/>\n<a href=\"http:\/\/libros.canals.de\/?page_id=2012\" rel=\"noopener\" target=\"_blank\">La prisi\u00f3n, por Marta Canals<\/a><br \/>\n<a href=\"http:\/\/libros.canals.de\/?page_id=2013\" rel=\"noopener\" target=\"_blank\">Cena vegetariana, por Ana Canals<\/a><br \/>\n<a href=\"http:\/\/libros.canals.de\/?page_id=2014\" rel=\"noopener\" target=\"_blank\">La Red, por Faustino Nebrera<\/a><br \/>\n<a href=\"http:\/\/libros.canals.de\/?page_id=2016\" rel=\"noopener\" target=\"_blank\">Farala, por Isabel Botas<\/a><br \/>\n<a href=\"http:\/\/libros.canals.de\/?page_id=2015\" rel=\"noopener\" target=\"_blank\">Era un \u00e1ngel, por Mar\u00eda Dolores Canals<\/a><br \/>\n<a href=\"http:\/\/libros.canals.de\/?page_id=2017\" rel=\"noopener\" target=\"_blank\">Julio en Alemania, por Javier Canals<\/a><br \/>\n<a href=\"http:\/\/libros.canals.de\/?page_id=2018\" rel=\"noopener\" target=\"_blank\">Interface Sex, por Salvador Canals<\/a><\/p>\n","protected":false},"excerpt":{"rendered":"<p>Horche, provincia de Guadalajara, 12 de abril de 2008. Reuni\u00f3n familiar para celebrar los 100 a\u00f1os \u2014sumados, se entiende\u2014 de Ana y Marta Canals. Con antelaci\u00f3n a la estancia en este precioso pueblo al borde meridional de la Alcarria se &hellip; <a href=\"http:\/\/libros.canals.de\/?page_id=1995\">Sigue leyendo <span class=\"meta-nav\">&rarr;<\/span><\/a><\/p>\n","protected":false},"author":1,"featured_media":0,"parent":0,"menu_order":0,"comment_status":"closed","ping_status":"closed","template":"onecolumn-page.php","meta":[],"_links":{"self":[{"href":"http:\/\/libros.canals.de\/index.php?rest_route=\/wp\/v2\/pages\/1995"}],"collection":[{"href":"http:\/\/libros.canals.de\/index.php?rest_route=\/wp\/v2\/pages"}],"about":[{"href":"http:\/\/libros.canals.de\/index.php?rest_route=\/wp\/v2\/types\/page"}],"author":[{"embeddable":true,"href":"http:\/\/libros.canals.de\/index.php?rest_route=\/wp\/v2\/users\/1"}],"replies":[{"embeddable":true,"href":"http:\/\/libros.canals.de\/index.php?rest_route=%2Fwp%2Fv2%2Fcomments&post=1995"}],"version-history":[{"count":0,"href":"http:\/\/libros.canals.de\/index.php?rest_route=\/wp\/v2\/pages\/1995\/revisions"}],"wp:attachment":[{"href":"http:\/\/libros.canals.de\/index.php?rest_route=%2Fwp%2Fv2%2Fmedia&parent=1995"}],"curies":[{"name":"wp","href":"https:\/\/api.w.org\/{rel}","templated":true}]}}